{"id":163,"date":"2023-04-05T09:02:23","date_gmt":"2023-04-05T09:02:23","guid":{"rendered":"https:\/\/www.cmua.nl\/wordpress\/?page_id=163"},"modified":"2023-04-05T12:40:56","modified_gmt":"2023-04-05T12:40:56","slug":"werken-met-een-epa-op-zak","status":"publish","type":"page","link":"https:\/\/www.cmua.nl\/wordpress\/index.php\/werken-met-een-epa-op-zak\/","title":{"rendered":"Werken met een EPA Op zak"},"content":{"rendered":"\n<p>AIOS, en soms ook ANIOS kunnen een bekwaamverklaring behalen op de SEH. In het curriculum voor AIOS staat beschreven dat bekwaamverklaringen behaald kunnen worden voor Laag complexe zorg (de fasttrack), Hoog complexe zorg initi\u00eble fase (opvangen ambulances, shockroom telefoon opnemen, triage en het inzetten van de eerste behandeling en diagnostiek bij alle pati\u00ebnten), Hoog complexe zorg Definitieve fase (Urgent care pati\u00ebnten) en Kritiek zieke zorg (de shockroom pati\u00ebnten). Bij deze laatste wordt nog onderscheid gemaakt tussen niveau 3 (de Assistent kiest zelf het moment van supervisie) of niveau 4 (de assistent vraagt geen supervisie).<\/p>\n\n\n\n<p>Wanneer een bekwaamverklaring behaald is, mag de assistent pati\u00ebnten zelfstandig ziek en beoordelen maar ook zelfstandig ontslaan zonder tussenkomst van een supervisor. Er vindt ook geen controle achteraf plaats, de assistent mag zelf de ontslagbrief naar de huisarts sturen.<\/p>\n\n\n\n<p>De Assistent is dan ook zelfstandig verantwoordelijk als er iets mis gaat. <\/p>\n\n\n\n<p>In praktijk zien we dat assistenten na het behalen van een bekwaamverklaring minder overleggen, maar toch in voorkomende gevallen alsnog supervisie zoeken. Dit omdat de dragen van de verantwoordelijkheid toch soms best lastig is. Wel zien we dat het overleg in die gevallen anders verloopt. Niet meer alle details worden gedeeld &#8211; en de vraag is vaak gericht op meer complexe issues. Indien overlegd wordt, stuurt de assistent weer als vanouds de brief naar de supervisor voor controle.<\/p>\n\n\n\n<p>Specifieke vaardigheden kunnen soms ook &#8220;bekwaamverklaard&#8221; worden.  In praktijk gaat gaat vaak om PSA of het plaatsen van een FICB. In het OLVG is een FICB bekwaamverklaring te behalen op niveau 3 (je mag het zelfstandig en zonder overleg vooraf uitvoeren maar er is nog wel supervisie over de gehele casus. Hiermee is dus ook ondervangen dat bij eventuele complicaties de supervisor betrokken is. <\/p>\n\n\n\n<div class=\"wp-block-group alignfull has-text-color has-background\" style=\"color:#000000;background-color:#ffffff\"><div class=\"wp-block-group__inner-container is-layout-flow wp-block-group-is-layout-flow\">\n<div class=\"wp-block-buttons is-horizontal is-content-justification-center is-layout-flex wp-container-core-buttons-is-layout-499968f5 wp-block-buttons-is-layout-flex\">\n<div class=\"wp-block-button has-custom-width wp-block-button__width-50\"><a class=\"wp-block-button__link has-text-color has-background wp-element-button\" href=\"https:\/\/www.cmua.nl\/wordpress\/index.php\/epa-laag-complex-voor-anios\/\" style=\"border-radius:50px;color:#ffffff;background-color:#000000\">EPA laag complex voor ANIOS<\/a><\/div>\n\n\n\n<div class=\"wp-block-button has-custom-width wp-block-button__width-50\"><a class=\"wp-block-button__link has-text-color has-background wp-element-button\" href=\"https:\/\/www.cmua.nl\/wordpress\/wp-content\/uploads\/2023\/04\/FICB-door-ANIOS-2-2022.pdf\" style=\"border-radius:50px;color:#ffffff;background-color:#000000\">FICB verklaring<\/a><\/div>\n\n\n\n<div class=\"wp-block-button has-custom-width wp-block-button__width-50\"><a class=\"wp-block-button__link has-text-color has-background wp-element-button\" href=\"https:\/\/www.cmua.nl\/wordpress\/index.php\/de-epas\/\" style=\"border-radius:50px;color:#ffffff;background-color:#000000\">EPA&#8217;s voor AIOS<\/a><\/div>\n<\/div>\n\n\n\n<div style=\"height:64px\" aria-hidden=\"true\" class=\"wp-block-spacer\"><\/div>\n<\/div><\/div>\n","protected":false},"excerpt":{"rendered":"<p>AIOS, en soms ook ANIOS kunnen een bekwaamverklaring behalen op de SEH. In het curriculum voor AIOS staat beschreven dat bekwaamverklaringen behaald kunnen worden voor Laag complexe zorg (de fasttrack), Hoog complexe zorg initi\u00eble fase (opvangen ambulances, shockroom telefoon opnemen, triage en het inzetten van de eerste behandeling en diagnostiek bij alle pati\u00ebnten), Hoog complexe<a class=\"more-link\" href=\"https:\/\/www.cmua.nl\/wordpress\/index.php\/werken-met-een-epa-op-zak\/\">Lees verder <span class=\"screen-reader-text\">&#8220;Werken met een EPA Op zak&#8221;<\/span><\/a><\/p>\n","protected":false},"author":1,"featured_media":0,"parent":0,"menu_order":0,"comment_status":"closed","ping_status":"closed","template":"","meta":{"footnotes":""},"class_list":["post-163","page","type-page","status-publish","hentry","entry"],"_links":{"self":[{"href":"https:\/\/www.cmua.nl\/wordpress\/index.php\/wp-json\/wp\/v2\/pages\/163","targetHints":{"allow":["GET"]}}],"collection":[{"href":"https:\/\/www.cmua.nl\/wordpress\/index.php\/wp-json\/wp\/v2\/pages"}],"about":[{"href":"https:\/\/www.cmua.nl\/wordpress\/index.php\/wp-json\/wp\/v2\/types\/page"}],"author":[{"embeddable":true,"href":"https:\/\/www.cmua.nl\/wordpress\/index.php\/wp-json\/wp\/v2\/users\/1"}],"replies":[{"embeddable":true,"href":"https:\/\/www.cmua.nl\/wordpress\/index.php\/wp-json\/wp\/v2\/comments?post=163"}],"version-history":[{"count":2,"href":"https:\/\/www.cmua.nl\/wordpress\/index.php\/wp-json\/wp\/v2\/pages\/163\/revisions"}],"predecessor-version":[{"id":218,"href":"https:\/\/www.cmua.nl\/wordpress\/index.php\/wp-json\/wp\/v2\/pages\/163\/revisions\/218"}],"wp:attachment":[{"href":"https:\/\/www.cmua.nl\/wordpress\/index.php\/wp-json\/wp\/v2\/media?parent=163"}],"curies":[{"name":"wp","href":"https:\/\/api.w.org\/{rel}","templated":true}]}}